{"id":18433,"date":"2025-09-13T12:41:09","date_gmt":"2025-09-13T16:41:09","guid":{"rendered":"http:\/\/10.0.100.16\/gobbo\/wordpress\/?page_id=18433"},"modified":"2025-10-08T15:49:07","modified_gmt":"2025-10-08T19:49:07","slug":"gestion-de-denuncias","status":"publish","type":"page","link":"https:\/\/www.fdi.gob.bo\/index.php\/gestion-de-denuncias\/","title":{"rendered":"Gesti\u00f3n de denuncias"},"content":{"rendered":"\n<p class=\"has-text-align-center\" style=\"font-size:25px\">\u00bfQuieres denunciar actos de corrupci\u00f3n?<\/p>\n\n\n\n<div class=\"wp-block-columns is-layout-flex wp-container-core-columns-is-layout-9d6595d7 wp-block-columns-is-layout-flex\">\n<div class=\"wp-block-column is-layout-flow wp-block-column-is-layout-flow\">\n<p class=\"has-text-align-center\">al n\u00famero de WhatsApp<\/p>\n\n\n<div class=\"wp-block-image\">\n<figure class=\"aligncenter size-large is-resized\"><img decoding=\"async\" src=\"https:\/\/tsj.bo\/wp-content\/uploads\/2021\/09\/009-whatsapp.png\" alt=\"\" style=\"width:100px\"\/><\/figure>\n<\/div>\n\n\n<p class=\"has-text-align-center\"><a href=\"http:\/\/wa.me\/59174426668\" target=\"_blank\" rel=\"noreferrer noopener\">+591 74426668<\/a><\/p>\n\n\n\n<p class=\"has-text-align-center\">Haz tu denuncia de manera online<\/p>\n\n\n\n<div class=\"wp-block-buttons is-horizontal is-content-justification-center is-layout-flex wp-container-core-buttons-is-layout-af7218d6 wp-block-buttons-is-layout-flex\">\n<div class=\"wp-block-button is-style-fill\"><a class=\"wp-block-button__link has-background has-text-align-left wp-element-button\" href=\"https:\/\/www.fdi.gob.bo\/wp-content\/uploads\/2025\/09\/formulario-recepcion-de-denuncia-fdi.pdf\" style=\"background-color:#075e54\" target=\"_blank\" rel=\"noreferrer noopener\">Accede al Formulario Online<\/a><\/div>\n<\/div>\n<\/div>\n<\/div>\n\n\n\n<figure class=\"wp-block-image size-full\"><img loading=\"lazy\" decoding=\"async\" width=\"1024\" height=\"622\" src=\"https:\/\/www.fdi.gob.bo\/wp-content\/uploads\/2025\/10\/transparencia_fdi.jpg\" alt=\"\" class=\"wp-image-21746\"\/><\/figure>\n\n\n\n<h2 class=\"wp-block-heading\">Rendici\u00f3n de P\u00fablica de Cuentas<\/h2>\n\n\n\n<p><\/p>\n","protected":false},"excerpt":{"rendered":"<p>\u00bfQuieres denunciar actos de corrupci\u00f3n? al n\u00famero de WhatsApp +591 74426668 Haz tu denuncia de manera online Rendici\u00f3n de P\u00fablica de Cuentas<\/p>\n","protected":false},"author":1,"featured_media":0,"parent":0,"menu_order":0,"comment_status":"closed","ping_status":"closed","template":"template\/tabla-rendicion-cuentas.php","meta":{"_acf_changed":false,"footnotes":""},"class_list":["post-18433","page","type-page","status-publish","hentry"],"acf":[],"_links":{"self":[{"href":"https:\/\/www.fdi.gob.bo\/index.php\/wp-json\/wp\/v2\/pages\/18433","targetHints":{"allow":["GET"]}}],"collection":[{"href":"https:\/\/www.fdi.gob.bo\/index.php\/wp-json\/wp\/v2\/pages"}],"about":[{"href":"https:\/\/www.fdi.gob.bo\/index.php\/wp-json\/wp\/v2\/types\/page"}],"author":[{"embeddable":true,"href":"https:\/\/www.fdi.gob.bo\/index.php\/wp-json\/wp\/v2\/users\/1"}],"replies":[{"embeddable":true,"href":"https:\/\/www.fdi.gob.bo\/index.php\/wp-json\/wp\/v2\/comments?post=18433"}],"version-history":[{"count":17,"href":"https:\/\/www.fdi.gob.bo\/index.php\/wp-json\/wp\/v2\/pages\/18433\/revisions"}],"predecessor-version":[{"id":21747,"href":"https:\/\/www.fdi.gob.bo\/index.php\/wp-json\/wp\/v2\/pages\/18433\/revisions\/21747"}],"wp:attachment":[{"href":"https:\/\/www.fdi.gob.bo\/index.php\/wp-json\/wp\/v2\/media?parent=18433"}],"curies":[{"name":"wp","href":"https:\/\/api.w.org\/{rel}","templated":true}]}}